{"id":67,"date":"2024-01-26T11:26:31","date_gmt":"2024-01-26T11:26:31","guid":{"rendered":"https:\/\/Benitschka.digbizmistelbach.info\/?page_id=67"},"modified":"2024-01-30T09:13:34","modified_gmt":"2024-01-30T09:13:34","slug":"unternehmen","status":"publish","type":"page","link":"https:\/\/Benitschka.digbizmistelbach.info\/?page_id=67","title":{"rendered":"Unternehmen"},"content":{"rendered":"\n<div class=\"wp-block-columns is-layout-flex wp-container-core-columns-layout-1 wp-block-columns-is-layout-flex\">\n<div class=\"wp-block-column is-layout-flow wp-block-column-is-layout-flow\">\n<h2 class=\"wp-block-heading\">Kirchenm\u00fchle Withalm<\/h2>\n\n\n\n<p>Die Firma befindet sich im Weinviertel in Gaweinstal. Withalm ist eine wichtige Schnittstelle f\u00fcr die Landwirte zu dem Verarbeitungsbetrieben (M\u00fchlen, Mischfutterbetriebe, Biospriterzeugung,..). Als kompetenter und verl\u00e4sslicher Partner f\u00fcr den Landwirt f\u00fchren sie ein ausgedehntes Sortiment an Landesprodukten und Saatgut. Auf Kundenwunsch wird au\u00dferdem Mehl produziert.<\/p>\n<\/div>\n\n\n\n<div class=\"wp-block-column is-layout-flow wp-block-column-is-layout-flow\">\n<figure class=\"wp-block-image size-large\"><img loading=\"lazy\" decoding=\"async\" width=\"1024\" height=\"576\" src=\"https:\/\/Benitschka.digbizmistelbach.info\/wp-content\/uploads\/2024\/01\/withalm-1-1024x576.jpg\" alt=\"\" class=\"wp-image-31\" srcset=\"https:\/\/Benitschka.digbizmistelbach.info\/wp-content\/uploads\/2024\/01\/withalm-1-1024x576.jpg 1024w, https:\/\/Benitschka.digbizmistelbach.info\/wp-content\/uploads\/2024\/01\/withalm-1-300x169.jpg 300w, https:\/\/Benitschka.digbizmistelbach.info\/wp-content\/uploads\/2024\/01\/withalm-1-768x432.jpg 768w, https:\/\/Benitschka.digbizmistelbach.info\/wp-content\/uploads\/2024\/01\/withalm-1.jpg 1280w\" sizes=\"(max-width: 1024px) 100vw, 1024px\" \/><\/figure>\n<\/div>\n<\/div>\n\n\n\n<div class=\"wp-block-columns is-layout-flex wp-container-core-columns-layout-2 wp-block-columns-is-layout-flex\">\n<div class=\"wp-block-column is-layout-flow wp-block-column-is-layout-flow\">\n<figure class=\"wp-block-image size-full\"><img loading=\"lazy\" decoding=\"async\" width=\"800\" height=\"533\" src=\"https:\/\/Benitschka.digbizmistelbach.info\/wp-content\/uploads\/2024\/01\/hoffmanMuehle_bild.webp\" alt=\"\" class=\"wp-image-77\" srcset=\"https:\/\/Benitschka.digbizmistelbach.info\/wp-content\/uploads\/2024\/01\/hoffmanMuehle_bild.webp 800w, https:\/\/Benitschka.digbizmistelbach.info\/wp-content\/uploads\/2024\/01\/hoffmanMuehle_bild-300x200.webp 300w\" sizes=\"(max-width: 800px) 100vw, 800px\" \/><\/figure>\n<\/div>\n\n\n\n<div class=\"wp-block-column is-layout-flow wp-block-column-is-layout-flow\">\n<h2 class=\"wp-block-heading\">Hoffmann M\u00fchle<\/h2>\n\n\n\n<p>Die Hoffmann M\u00fchle ist ein mittelst\u00e4ndisches Familienunternehmen aus D\u00fcrnkrut. Die Walzenm\u00fchle, die seit 1921 in Familienbesitz ist, produziert diverse Mehle aus regionalem Roggen und Weizen. Von der Gro\u00dfb\u00e4ckerei bis zum regionalen B\u00e4ckereibetrieb sch\u00e4tzen viele Kunden die Zuverl\u00e4ssigkeit des Betriebs und die hohe Qualit\u00e4t unserer Produkten. Au\u00dferdem steht \u00a0steht die M\u00fchle in dem Bereich Agrarhandel den Landwirten der Umgebung mit der Ernte\u00fcbernahme und dem Saatgut- und D\u00fcngerverkauf zur Verf\u00fcgung.<\/p>\n<\/div>\n<\/div>\n\n\n\n<div class=\"wp-block-columns is-layout-flex wp-container-core-columns-layout-3 wp-block-columns-is-layout-flex\">\n<div class=\"wp-block-column is-layout-flow wp-block-column-is-layout-flow\">\n<h2 class=\"wp-block-heading\">Zucker M\u00fchle<\/h2>\n\n\n\n<p>Die Zuckerm\u00fchle ist ein Traditionsbetrieb, der seit 1848 im Besitz der Familie Zucker ist. Am Standort werden Weizen-, Dinkel- und Roggenmehle hergestellt, welche unter der Marke &#8222;Weinviertel Mehle&#8220; vertrieben werden. Das Getreide wird direkt von den Landwirten gekauft. Das spart CO2 und f\u00f6rdert die Region. Gleichzeitig versorgt die M\u00fchle die Landwirte mit Saatgut und D\u00fcnger. Des weiterem Produziert die M\u00fchle auch M\u00fcsli und Porridge.<\/p>\n<\/div>\n\n\n\n<div class=\"wp-block-column is-layout-flow wp-block-column-is-layout-flow\">\n<figure class=\"wp-block-image size-large\"><img loading=\"lazy\" decoding=\"async\" width=\"1024\" height=\"623\" src=\"https:\/\/Benitschka.digbizmistelbach.info\/wp-content\/uploads\/2024\/01\/Zuckermuehle-1024x623.jpg\" alt=\"\" class=\"wp-image-78\" srcset=\"https:\/\/Benitschka.digbizmistelbach.info\/wp-content\/uploads\/2024\/01\/Zuckermuehle-1024x623.jpg 1024w, https:\/\/Benitschka.digbizmistelbach.info\/wp-content\/uploads\/2024\/01\/Zuckermuehle-300x182.jpg 300w, https:\/\/Benitschka.digbizmistelbach.info\/wp-content\/uploads\/2024\/01\/Zuckermuehle.jpg 1031w\" sizes=\"(max-width: 1024px) 100vw, 1024px\" \/><\/figure>\n<\/div>\n<\/div>\n","protected":false},"excerpt":{"rendered":"<p>Kirchenm\u00fchle Withalm Die Firma befindet sich im Weinviertel in Gaweinstal. Withalm ist eine wichtige Schnittstelle f\u00fcr die Landwirte zu dem Verarbeitungsbetrieben (M\u00fchlen, Mischfutterbetriebe, Biospriterzeugung,..). Als kompetenter und verl\u00e4sslicher Partner f\u00fcr den Landwirt f\u00fchren sie ein ausgedehntes Sortiment an Landesprodukten und Saatgut. Auf Kundenwunsch wird au\u00dferdem Mehl produziert. Hoffmann M\u00fchle Die Hoffmann M\u00fchle ist ein mittelst\u00e4ndisches &hellip; <\/p>\n<p class=\"link-more\"><a href=\"https:\/\/Benitschka.digbizmistelbach.info\/?page_id=67\" class=\"more-link\">Mehr <span class=\"screen-reader-text\">\u00fcber &#8222;Unternehmen&#8220; <\/span>Lesen<\/a><\/p>\n","protected":false},"author":1,"featured_media":0,"parent":0,"menu_order":0,"comment_status":"closed","ping_status":"closed","template":"","meta":{"footnotes":""},"_links":{"self":[{"href":"https:\/\/Benitschka.digbizmistelbach.info\/index.php?rest_route=\/wp\/v2\/pages\/67"}],"collection":[{"href":"https:\/\/Benitschka.digbizmistelbach.info\/index.php?rest_route=\/wp\/v2\/pages"}],"about":[{"href":"https:\/\/Benitschka.digbizmistelbach.info\/index.php?rest_route=\/wp\/v2\/types\/page"}],"author":[{"embeddable":true,"href":"https:\/\/Benitschka.digbizmistelbach.info\/index.php?rest_route=\/wp\/v2\/users\/1"}],"replies":[{"embeddable":true,"href":"https:\/\/Benitschka.digbizmistelbach.info\/index.php?rest_route=%2Fwp%2Fv2%2Fcomments&post=67"}],"version-history":[{"count":3,"href":"https:\/\/Benitschka.digbizmistelbach.info\/index.php?rest_route=\/wp\/v2\/pages\/67\/revisions"}],"predecessor-version":[{"id":79,"href":"https:\/\/Benitschka.digbizmistelbach.info\/index.php?rest_route=\/wp\/v2\/pages\/67\/revisions\/79"}],"wp:attachment":[{"href":"https:\/\/Benitschka.digbizmistelbach.info\/index.php?rest_route=%2Fwp%2Fv2%2Fmedia&parent=67"}],"curies":[{"name":"wp","href":"https:\/\/api.w.org\/{rel}","templated":true}]}}